{"id":707,"date":"2021-07-07T10:42:47","date_gmt":"2021-07-07T10:42:47","guid":{"rendered":"https:\/\/aunda-imexpo.de\/?post_type=product&#038;p=707"},"modified":"2023-09-20T22:57:54","modified_gmt":"2023-09-20T22:57:54","slug":"woof-fashion-komfort-fuer-sie-und-ihr-haustier-in-jeder-hinsicht-2","status":"publish","type":"product","link":"https:\/\/aunda-imexpo.de\/?product=woof-fashion-komfort-fuer-sie-und-ihr-haustier-in-jeder-hinsicht-2","title":{"rendered":"&#8211; WOOF FASHION &#8211; KOMFORT F\u00dcR SIE UND IHR HAUSTIER IN JEDER HINSICHT"},"content":{"rendered":"<p style=\"text-align: center;\"><strong>Reise Tasche mit Integriertem Futterbar<\/strong><\/p>\n<ul>\n<li>Woof Fashion ist Hersteller von multifunktionalen, einzigartigen und patentierten Lebensmitteltr\u00e4gern, die in verschiedenen trendigen Designs und Farben erh\u00e4ltlich sind.<\/li>\n<li>Die Woof Fashion Lebensmitteltr\u00e4ger enthalten ein einzigartiges integriertes Transportsystem, das luftdicht und wasserdicht ist.<\/li>\n<li>Ideal f\u00fcr Hunde und Katzen, aber auch f\u00fcr andere Aktivit\u00e4ten wie Jagen oder Angeln.<\/li>\n<li>Die Tr\u00e4ger, die aus High-End-Geweben hergestellt werden, sind von herausragender Qualit\u00e4t. Sehr modisch, bequem zu tragen und die Schalen sind leicht zu reinigen.<\/li>\n<li>Woof Fashion Lebensmitteltr\u00e4ger, sind ideal f\u00fcr Urlaub, Outdoor-Aktivit\u00e4ten \/ Ausfl\u00fcge und Reisen im Allgemein.<\/li>\n<\/ul>\n<p style=\"text-align: center;\"><strong>KOMFORT F\u00dcR SIE UND IHR HAUSTIER IN JEDER HINSICHT !<\/strong><\/p>\n<p style=\"text-align: center;\"><strong>&#8211; Einfach zu reinigen &#8211;<\/strong><\/p>\n<p style=\"text-align: center;\"><strong>&#8211;<\/strong>\u00a0<strong>Extra Stark &#8211;<\/strong><\/p>\n<p style=\"text-align: center;\"><strong>&#8211; Kein Leck &#8211;<\/strong><\/p>\n<p style=\"text-align: center;\"><strong>&#8211; Kein Geruch &#8211;<\/strong><\/p>\n<p style=\"text-align: center;\">Reinigung : Nicht in Sp\u00fclmaschine waschen.<\/p>\n<p style=\"text-align: center;\">Achtung : Nicht in Mikrowelle verwenden.<\/p>\n<p style=\"text-align: center;\"><a href=\"https:\/\/www.ebay.de\/Woof-Fashion-Hunde-Reise-Tasche-mit-integri-Futterbar-Tragetasche-Komfort-gruen-\/353555841797? mkcid=16&amp;mkevt=1&amp;_trksid=p2349624.m46890.I49286&amp;mkrid=707-127634-2357-0\">?<\/a><\/p>\n<p>&nbsp;<\/p>\n<p>&nbsp;<\/p>\n","protected":false},"excerpt":{"rendered":"<p>Reise Tasche mit Integriertem Futterbar Woof Fashion ist Hersteller von multifunktionalen, einzigartigen und patentierten Lebensmitteltr\u00e4gern, die in verschiedenen trendigen Designs und Farben erh\u00e4ltlich sind. Die Woof Fashion Lebensmitteltr\u00e4ger enthalten ein einzigartiges integriertes Transportsystem, das luftdicht und wasserdicht ist. Ideal f\u00fcr Hunde und Katzen, aber auch f\u00fcr andere Aktivit\u00e4ten wie Jagen oder Angeln. Die Tr\u00e4ger, die&hellip;&nbsp;<a href=\"https:\/\/aunda-imexpo.de\/?product=woof-fashion-komfort-fuer-sie-und-ihr-haustier-in-jeder-hinsicht-2\" class=\"\" rel=\"bookmark\">Weiterlesen &raquo;<span class=\"screen-reader-text\">&#8211; WOOF FASHION &#8211; KOMFORT F\u00dcR SIE UND IHR HAUSTIER IN JEDER HINSICHT<\/span><\/a><\/p>\n","protected":false},"featured_media":695,"comment_status":"open","ping_status":"closed","template":"","meta":{"neve_meta_sidebar":"","neve_meta_container":"","neve_meta_enable_content_width":"off","neve_meta_content_width":0,"neve_meta_title_alignment":"","neve_meta_author_avatar":"","neve_post_elements_order":"","neve_meta_disable_header":"","neve_meta_disable_footer":"","neve_meta_disable_title":"","spay_email":""},"yoast_head":"<!-- This site is optimized with the Yoast SEO plugin v15.8 - https:\/\/yoast.com\/wordpress\/plugins\/seo\/ -->\n<title>- WOOF FASHION - KOMFORT F\u00dcR SIE UND IHR HAUSTIER IN JEDER HINSICHT - A&amp;A International<\/title>\n<meta name=\"robots\" content=\"index, follow, max-snippet:-1, max-image-preview:large, max-video-preview:-1\" \/>\n<link rel=\"canonical\" href=\"https:\/\/aunda-imexpo.de\/?product=woof-fashion-komfort-fuer-sie-und-ihr-haustier-in-jeder-hinsicht-2\" \/>\n<meta property=\"og:locale\" content=\"de_DE\" \/>\n<meta property=\"og:type\" content=\"article\" \/>\n<meta property=\"og:title\" content=\"- WOOF FASHION - KOMFORT F\u00dcR SIE UND IHR HAUSTIER IN JEDER HINSICHT - A&amp;A International\" \/>\n<meta property=\"og:description\" content=\"Reise Tasche mit Integriertem Futterbar Woof Fashion ist Hersteller von multifunktionalen, einzigartigen und patentierten Lebensmitteltr\u00e4gern, die in verschiedenen trendigen Designs und Farben erh\u00e4ltlich sind. Die Woof Fashion Lebensmitteltr\u00e4ger enthalten ein einzigartiges integriertes Transportsystem, das luftdicht und wasserdicht ist. Ideal f\u00fcr Hunde und Katzen, aber auch f\u00fcr andere Aktivit\u00e4ten wie Jagen oder Angeln. Die Tr\u00e4ger, die&hellip;&nbsp;Weiterlesen &raquo;&#8211; WOOF FASHION &#8211; KOMFORT F\u00dcR SIE UND IHR HAUSTIER IN JEDER HINSICHT\" \/>\n<meta property=\"og:url\" content=\"https:\/\/aunda-imexpo.de\/?product=woof-fashion-komfort-fuer-sie-und-ihr-haustier-in-jeder-hinsicht-2\" \/>\n<meta property=\"og:site_name\" content=\"A&amp;A International\" \/>\n<meta property=\"article:modified_time\" content=\"2023-09-20T22:57:54+00:00\" \/>\n<meta property=\"og:image\" content=\"https:\/\/i1.wp.com\/aunda-imexpo.de\/wp-content\/uploads\/2021\/07\/IMG_1389.jpg?fit=2195%2C2195&#038;ssl=1\" \/>\n\t<meta property=\"og:image:width\" content=\"2195\" \/>\n\t<meta property=\"og:image:height\" content=\"2195\" \/>\n<meta name=\"twitter:card\" content=\"summary_large_image\" \/>\n<meta name=\"twitter:label1\" content=\"Gesch\u00e4tzte Lesezeit\">\n\t<meta name=\"twitter:data1\" content=\"1\u00a0Minute\">\n<script type=\"application\/ld+json\" class=\"yoast-schema-graph\">{\"@context\":\"https:\/\/schema.org\",\"@graph\":[{\"@type\":\"WebSite\",\"@id\":\"http:\/\/aunda-imexpo.de\/#website\",\"url\":\"http:\/\/aunda-imexpo.de\/\",\"name\":\"A&amp;A International\",\"description\":\"Handelsunternehmen Jeton Musaj\",\"potentialAction\":[{\"@type\":\"SearchAction\",\"target\":\"http:\/\/aunda-imexpo.de\/?s={search_term_string}\",\"query-input\":\"required name=search_term_string\"}],\"inLanguage\":\"de\"},{\"@type\":\"ImageObject\",\"@id\":\"https:\/\/aunda-imexpo.de\/?product=woof-fashion-komfort-fuer-sie-und-ihr-haustier-in-jeder-hinsicht-2#primaryimage\",\"inLanguage\":\"de\",\"url\":\"https:\/\/i1.wp.com\/aunda-imexpo.de\/wp-content\/uploads\/2021\/07\/IMG_1389.jpg?fit=2195%2C2195&ssl=1\",\"width\":2195,\"height\":2195},{\"@type\":\"WebPage\",\"@id\":\"https:\/\/aunda-imexpo.de\/?product=woof-fashion-komfort-fuer-sie-und-ihr-haustier-in-jeder-hinsicht-2#webpage\",\"url\":\"https:\/\/aunda-imexpo.de\/?product=woof-fashion-komfort-fuer-sie-und-ihr-haustier-in-jeder-hinsicht-2\",\"name\":\"- WOOF FASHION - KOMFORT F\\u00dcR SIE UND IHR HAUSTIER IN JEDER HINSICHT - A&amp;A International\",\"isPartOf\":{\"@id\":\"http:\/\/aunda-imexpo.de\/#website\"},\"primaryImageOfPage\":{\"@id\":\"https:\/\/aunda-imexpo.de\/?product=woof-fashion-komfort-fuer-sie-und-ihr-haustier-in-jeder-hinsicht-2#primaryimage\"},\"datePublished\":\"2021-07-07T10:42:47+00:00\",\"dateModified\":\"2023-09-20T22:57:54+00:00\",\"breadcrumb\":{\"@id\":\"https:\/\/aunda-imexpo.de\/?product=woof-fashion-komfort-fuer-sie-und-ihr-haustier-in-jeder-hinsicht-2#breadcrumb\"},\"inLanguage\":\"de\",\"potentialAction\":[{\"@type\":\"ReadAction\",\"target\":[\"https:\/\/aunda-imexpo.de\/?product=woof-fashion-komfort-fuer-sie-und-ihr-haustier-in-jeder-hinsicht-2\"]}]},{\"@type\":\"BreadcrumbList\",\"@id\":\"https:\/\/aunda-imexpo.de\/?product=woof-fashion-komfort-fuer-sie-und-ihr-haustier-in-jeder-hinsicht-2#breadcrumb\",\"itemListElement\":[{\"@type\":\"ListItem\",\"position\":1,\"item\":{\"@type\":\"WebPage\",\"@id\":\"https:\/\/aunda-imexpo.de\/\",\"url\":\"https:\/\/aunda-imexpo.de\/\",\"name\":\"Startseite\"}},{\"@type\":\"ListItem\",\"position\":2,\"item\":{\"@type\":\"WebPage\",\"@id\":\"https:\/\/aunda-imexpo.de\/?page_id=310\",\"url\":\"https:\/\/aunda-imexpo.de\/?page_id=310\",\"name\":\"Produkte\"}},{\"@type\":\"ListItem\",\"position\":3,\"item\":{\"@type\":\"WebPage\",\"@id\":\"https:\/\/aunda-imexpo.de\/?product=woof-fashion-komfort-fuer-sie-und-ihr-haustier-in-jeder-hinsicht-2\",\"url\":\"https:\/\/aunda-imexpo.de\/?product=woof-fashion-komfort-fuer-sie-und-ihr-haustier-in-jeder-hinsicht-2\",\"name\":\"&#8211; WOOF FASHION &#8211; KOMFORT F\\u00dcR SIE UND IHR HAUSTIER IN JEDER HINSICHT\"}}]}]}<\/script>\n<!-- \/ Yoast SEO plugin. -->","_links":{"self":[{"href":"https:\/\/aunda-imexpo.de\/index.php?rest_route=\/wp\/v2\/product\/707"}],"collection":[{"href":"https:\/\/aunda-imexpo.de\/index.php?rest_route=\/wp\/v2\/product"}],"about":[{"href":"https:\/\/aunda-imexpo.de\/index.php?rest_route=\/wp\/v2\/types\/product"}],"replies":[{"embeddable":true,"href":"https:\/\/aunda-imexpo.de\/index.php?rest_route=%2Fwp%2Fv2%2Fcomments&post=707"}],"wp:featuredmedia":[{"embeddable":true,"href":"https:\/\/aunda-imexpo.de\/index.php?rest_route=\/wp\/v2\/media\/695"}],"wp:attachment":[{"href":"https:\/\/aunda-imexpo.de\/index.php?rest_route=%2Fwp%2Fv2%2Fmedia&parent=707"}],"curies":[{"name":"wp","href":"https:\/\/api.w.org\/{rel}","templated":true}]}}