{"id":501,"date":"2021-02-19T02:49:09","date_gmt":"2021-02-19T02:49:09","guid":{"rendered":"https:\/\/aunda-imexpo.de\/?post_type=product&#038;p=501"},"modified":"2023-09-20T23:04:44","modified_gmt":"2023-09-20T23:04:44","slug":"covid-19-antigen-speicheltest","status":"publish","type":"product","link":"https:\/\/aunda-imexpo.de\/?product=covid-19-antigen-speicheltest","title":{"rendered":"COVID &#8211; 19 Antigen &#8211; Speicheltest &#8211; 4 St\u00fcck"},"content":{"rendered":"<p><img decoding=\"async\" loading=\"lazy\" class=\"alignnone size-medium wp-image-502\" src=\"https:\/\/i1.wp.com\/aunda-imexpo.de\/wp-content\/uploads\/2021\/02\/covid2.jpg?resize=300%2C297&#038;ssl=1\" alt=\"\" width=\"300\" height=\"297\" srcset=\"https:\/\/i1.wp.com\/aunda-imexpo.de\/wp-content\/uploads\/2021\/02\/covid2.jpg?resize=300%2C297&amp;ssl=1 300w, https:\/\/i1.wp.com\/aunda-imexpo.de\/wp-content\/uploads\/2021\/02\/covid2.jpg?resize=150%2C150&amp;ssl=1 150w, https:\/\/i1.wp.com\/aunda-imexpo.de\/wp-content\/uploads\/2021\/02\/covid2.jpg?resize=600%2C594&amp;ssl=1 600w, https:\/\/i1.wp.com\/aunda-imexpo.de\/wp-content\/uploads\/2021\/02\/covid2.jpg?resize=100%2C100&amp;ssl=1 100w, https:\/\/i1.wp.com\/aunda-imexpo.de\/wp-content\/uploads\/2021\/02\/covid2.jpg?w=750&amp;ssl=1 750w\" sizes=\"(max-width: 300px) 100vw, 300px\" data-recalc-dims=\"1\" \/><img decoding=\"async\" loading=\"lazy\" class=\" wp-image-503 alignleft\" src=\"https:\/\/i2.wp.com\/aunda-imexpo.de\/wp-content\/uploads\/2021\/02\/covid3.jpg?resize=113%2C113&#038;ssl=1\" alt=\"\" width=\"113\" height=\"113\" srcset=\"https:\/\/i2.wp.com\/aunda-imexpo.de\/wp-content\/uploads\/2021\/02\/covid3.jpg?resize=150%2C150&amp;ssl=1 150w, https:\/\/i2.wp.com\/aunda-imexpo.de\/wp-content\/uploads\/2021\/02\/covid3.jpg?resize=300%2C300&amp;ssl=1 300w, https:\/\/i2.wp.com\/aunda-imexpo.de\/wp-content\/uploads\/2021\/02\/covid3.jpg?resize=100%2C100&amp;ssl=1 100w, https:\/\/i2.wp.com\/aunda-imexpo.de\/wp-content\/uploads\/2021\/02\/covid3.jpg?zoom=2&amp;resize=113%2C113&amp;ssl=1 226w\" sizes=\"(max-width: 113px) 100vw, 113px\" data-recalc-dims=\"1\" \/><\/p>\n","protected":false},"excerpt":{"rendered":"<p><strong>Der Antigen- Speicheltest bietet eine einfache neue Methode zur \u00dcberwachung und Diagnose des Virus, die f\u00fcr Unternehmen, Veranstaltungen und andere \u00f6ffentliche Einrichtungen\/ Versammlungen n\u00fctzlich ist.<\/strong><\/p>\n","protected":false},"featured_media":504,"comment_status":"open","ping_status":"closed","template":"","meta":{"neve_meta_sidebar":"","neve_meta_container":"","neve_meta_enable_content_width":"off","neve_meta_content_width":0,"neve_meta_title_alignment":"","neve_meta_author_avatar":"","neve_post_elements_order":"","neve_meta_disable_header":"","neve_meta_disable_footer":"","neve_meta_disable_title":"","spay_email":""},"yoast_head":"<!-- This site is optimized with the Yoast SEO plugin v15.8 - https:\/\/yoast.com\/wordpress\/plugins\/seo\/ -->\n<title>COVID - 19 Antigen - Speicheltest - 4 St\u00fcck - A&amp;A International<\/title>\n<meta name=\"robots\" content=\"index, follow, max-snippet:-1, max-image-preview:large, max-video-preview:-1\" \/>\n<link rel=\"canonical\" href=\"https:\/\/aunda-imexpo.de\/?product=covid-19-antigen-speicheltest\" \/>\n<meta property=\"og:locale\" content=\"de_DE\" \/>\n<meta property=\"og:type\" content=\"article\" \/>\n<meta property=\"og:title\" content=\"COVID - 19 Antigen - Speicheltest - 4 St\u00fcck - A&amp;A International\" \/>\n<meta property=\"og:description\" content=\"Der Antigen- Speicheltest bietet eine einfache neue Methode zur \u00dcberwachung und Diagnose des Virus, die f\u00fcr Unternehmen, Veranstaltungen und andere \u00f6ffentliche Einrichtungen\/ Versammlungen n\u00fctzlich ist.\" \/>\n<meta property=\"og:url\" content=\"https:\/\/aunda-imexpo.de\/?product=covid-19-antigen-speicheltest\" \/>\n<meta property=\"og:site_name\" content=\"A&amp;A International\" \/>\n<meta property=\"article:modified_time\" content=\"2023-09-20T23:04:44+00:00\" \/>\n<meta property=\"og:image\" content=\"https:\/\/i1.wp.com\/aunda-imexpo.de\/wp-content\/uploads\/2021\/02\/covid1.jpg?fit=750%2C738&#038;ssl=1\" \/>\n\t<meta property=\"og:image:width\" content=\"750\" \/>\n\t<meta property=\"og:image:height\" content=\"738\" \/>\n<meta name=\"twitter:card\" content=\"summary_large_image\" \/>\n<meta name=\"twitter:label1\" content=\"Gesch\u00e4tzte Lesezeit\">\n\t<meta name=\"twitter:data1\" content=\"1\u00a0Minute\">\n<script type=\"application\/ld+json\" class=\"yoast-schema-graph\">{\"@context\":\"https:\/\/schema.org\",\"@graph\":[{\"@type\":\"WebSite\",\"@id\":\"http:\/\/aunda-imexpo.de\/#website\",\"url\":\"http:\/\/aunda-imexpo.de\/\",\"name\":\"A&amp;A International\",\"description\":\"Handelsunternehmen Jeton Musaj\",\"potentialAction\":[{\"@type\":\"SearchAction\",\"target\":\"http:\/\/aunda-imexpo.de\/?s={search_term_string}\",\"query-input\":\"required name=search_term_string\"}],\"inLanguage\":\"de\"},{\"@type\":\"ImageObject\",\"@id\":\"https:\/\/aunda-imexpo.de\/?product=covid-19-antigen-speicheltest#primaryimage\",\"inLanguage\":\"de\",\"url\":\"https:\/\/i1.wp.com\/aunda-imexpo.de\/wp-content\/uploads\/2021\/02\/covid1.jpg?fit=750%2C738&ssl=1\",\"width\":750,\"height\":738},{\"@type\":\"WebPage\",\"@id\":\"https:\/\/aunda-imexpo.de\/?product=covid-19-antigen-speicheltest#webpage\",\"url\":\"https:\/\/aunda-imexpo.de\/?product=covid-19-antigen-speicheltest\",\"name\":\"COVID - 19 Antigen - Speicheltest - 4 St\\u00fcck - A&amp;A International\",\"isPartOf\":{\"@id\":\"http:\/\/aunda-imexpo.de\/#website\"},\"primaryImageOfPage\":{\"@id\":\"https:\/\/aunda-imexpo.de\/?product=covid-19-antigen-speicheltest#primaryimage\"},\"datePublished\":\"2021-02-19T02:49:09+00:00\",\"dateModified\":\"2023-09-20T23:04:44+00:00\",\"breadcrumb\":{\"@id\":\"https:\/\/aunda-imexpo.de\/?product=covid-19-antigen-speicheltest#breadcrumb\"},\"inLanguage\":\"de\",\"potentialAction\":[{\"@type\":\"ReadAction\",\"target\":[\"https:\/\/aunda-imexpo.de\/?product=covid-19-antigen-speicheltest\"]}]},{\"@type\":\"BreadcrumbList\",\"@id\":\"https:\/\/aunda-imexpo.de\/?product=covid-19-antigen-speicheltest#breadcrumb\",\"itemListElement\":[{\"@type\":\"ListItem\",\"position\":1,\"item\":{\"@type\":\"WebPage\",\"@id\":\"https:\/\/aunda-imexpo.de\/\",\"url\":\"https:\/\/aunda-imexpo.de\/\",\"name\":\"Startseite\"}},{\"@type\":\"ListItem\",\"position\":2,\"item\":{\"@type\":\"WebPage\",\"@id\":\"https:\/\/aunda-imexpo.de\/?page_id=310\",\"url\":\"https:\/\/aunda-imexpo.de\/?page_id=310\",\"name\":\"Produkte\"}},{\"@type\":\"ListItem\",\"position\":3,\"item\":{\"@type\":\"WebPage\",\"@id\":\"https:\/\/aunda-imexpo.de\/?product=covid-19-antigen-speicheltest\",\"url\":\"https:\/\/aunda-imexpo.de\/?product=covid-19-antigen-speicheltest\",\"name\":\"COVID &#8211; 19 Antigen &#8211; Speicheltest &#8211; 4 St\\u00fcck\"}}]}]}<\/script>\n<!-- \/ Yoast SEO plugin. -->","_links":{"self":[{"href":"https:\/\/aunda-imexpo.de\/index.php?rest_route=\/wp\/v2\/product\/501"}],"collection":[{"href":"https:\/\/aunda-imexpo.de\/index.php?rest_route=\/wp\/v2\/product"}],"about":[{"href":"https:\/\/aunda-imexpo.de\/index.php?rest_route=\/wp\/v2\/types\/product"}],"replies":[{"embeddable":true,"href":"https:\/\/aunda-imexpo.de\/index.php?rest_route=%2Fwp%2Fv2%2Fcomments&post=501"}],"wp:featuredmedia":[{"embeddable":true,"href":"https:\/\/aunda-imexpo.de\/index.php?rest_route=\/wp\/v2\/media\/504"}],"wp:attachment":[{"href":"https:\/\/aunda-imexpo.de\/index.php?rest_route=%2Fwp%2Fv2%2Fmedia&parent=501"}],"curies":[{"name":"wp","href":"https:\/\/api.w.org\/{rel}","templated":true}]}}